{"id":8,"date":"2025-12-31T11:43:45","date_gmt":"2025-12-31T10:43:45","guid":{"rendered":"https:\/\/chiro-valence.local\/?page_id=8"},"modified":"2025-12-31T18:24:44","modified_gmt":"2025-12-31T17:24:44","slug":"qui-est-concernc3a9","status":"publish","type":"page","link":"https:\/\/www.valence-chiro.fr\/?page_id=8","title":{"rendered":"Pour qui? &#8211; Valence les couleures &#8211; Chiropratique &#8211; Julien Fumas"},"content":{"rendered":"<div class=\"simple-content\">\n<h1>Pour qui?<\/h1>\n<p>La chiropraxie est indiqu\u00e9e pour <strong>tous<\/strong>, sans distinction d&rsquo;\u00e2ge.<\/p>\n<p>Cependant, certaines p\u00e9riodes de la vie, certains m\u00e9tiers ou certains sports sont plus enclins \u00e0 une \u00ab sur-utilisation \u00bb des articulations, muscles ou tendons.<\/p>\n<p>On peut citer \u00e0 titre d&rsquo;exemple: mauvaise position de sommeil, adoption de gestes et postures inadapt\u00e9s au quotidien, p\u00e9riode de gestation de la femme&#8230;<\/p>\n<p>La chiropraxie est ainsi particuli\u00e8rement recommand\u00e9e aux:<\/p>\n<ul>\n<li><strong>Nourrissons\/Enfants\/Adolescents<\/strong>: troubles du sommeil, r\u00e9gurgitations, coliques, cartable trop lourd, troubles de la croissance<\/li>\n<li><strong>Adultes<\/strong>: stress, mauvaise posture de travail&#8230;<\/li>\n<li><strong>Femmes enceintes<\/strong>: soumises \u00e0 des douleurs li\u00e9es \u00e0 son changement morphologique<\/li>\n<li><strong>S\u00e9niors<\/strong>: conserver une mobilit\u00e9 des articulations&#8230;<\/li>\n<li><strong>Sportifs<\/strong>: \u00e9viter les d\u00e9s\u00e9quilibres musculaires, pr\u00e9venir les blessures, optimiser leurs performances&#8230;<\/li>\n<\/ul>\n<p><img decoding=\"async\" src=\"https:\/\/chiro-valence.local\/wp-content\/uploads\/2025\/12\/chiropraxie-famille.jpg\" alt=\"La chiropraxie, une affaire de famille\">\n<\/div>\n","protected":false},"excerpt":{"rendered":"<p>Pour qui? La chiropraxie est indiqu\u00e9e pour tous, sans distinction d&rsquo;\u00e2ge. Cependant, certaines p\u00e9riodes de la vie, certains m\u00e9tiers ou certains sports sont plus enclins \u00e0 une \u00ab sur-utilisation \u00bb&#8230;<\/p>\n","protected":false},"author":2,"featured_media":0,"parent":0,"menu_order":0,"comment_status":"closed","ping_status":"closed","template":"","meta":{"footnotes":""},"class_list":["post-8","page","type-page","status-publish","hentry"],"_links":{"self":[{"href":"https:\/\/www.valence-chiro.fr\/index.php?rest_route=\/wp\/v2\/pages\/8","targetHints":{"allow":["GET"]}}],"collection":[{"href":"https:\/\/www.valence-chiro.fr\/index.php?rest_route=\/wp\/v2\/pages"}],"about":[{"href":"https:\/\/www.valence-chiro.fr\/index.php?rest_route=\/wp\/v2\/types\/page"}],"author":[{"embeddable":true,"href":"https:\/\/www.valence-chiro.fr\/index.php?rest_route=\/wp\/v2\/users\/2"}],"replies":[{"embeddable":true,"href":"https:\/\/www.valence-chiro.fr\/index.php?rest_route=%2Fwp%2Fv2%2Fcomments&post=8"}],"version-history":[{"count":3,"href":"https:\/\/www.valence-chiro.fr\/index.php?rest_route=\/wp\/v2\/pages\/8\/revisions"}],"predecessor-version":[{"id":84,"href":"https:\/\/www.valence-chiro.fr\/index.php?rest_route=\/wp\/v2\/pages\/8\/revisions\/84"}],"wp:attachment":[{"href":"https:\/\/www.valence-chiro.fr\/index.php?rest_route=%2Fwp%2Fv2%2Fmedia&parent=8"}],"curies":[{"name":"wp","href":"https:\/\/api.w.org\/{rel}","templated":true}]}}