{"id":5,"date":"2025-12-31T11:43:45","date_gmt":"2025-12-31T10:43:45","guid":{"rendered":"https:\/\/chiro-valence.local\/?page_id=5"},"modified":"2026-01-01T09:26:01","modified_gmt":"2026-01-01T08:26:01","slug":"sites-et-rc3a9fc3a9rences","status":"publish","type":"page","link":"https:\/\/www.valence-chiro.fr\/?page_id=5","title":{"rendered":"Sites et r\u00e9f\u00e9rences &#8211; Valence les couleures &#8211; Chiropratique &#8211; Julien Fumas"},"content":{"rendered":"<div class=\"references-container\">\n<h1 style=\"text-align: center; margin-bottom: 60px;\">Sites et r\u00e9f\u00e9rences<\/h1>\n<div class=\"reference-item\">\n<div class=\"reference-content\">\n<h3>AFC<\/h3>\n<p><strong>Association Fran\u00e7aise de Chiropraxie<\/strong><\/p>\n<p><a href=\"http:\/\/www.chiropraxie.com\" target=\"_blank\" rel=\"noopener\">http:\/\/www.chiropraxie.com<\/a><\/p>\n<\/div>\n<div class=\"reference-logo\"><img loading=\"lazy\" decoding=\"async\" class=\"alignnone size-full wp-image-102\" src=\"https:\/\/chiro-valence.local\/wp-content\/uploads\/2026\/01\/1476702266.jpg\" alt=\"\" width=\"300\" height=\"300\" srcset=\"https:\/\/www.valence-chiro.fr\/wp-content\/uploads\/2026\/01\/1476702266.jpg 300w, https:\/\/www.valence-chiro.fr\/wp-content\/uploads\/2026\/01\/1476702266-150x150.jpg 150w\" sizes=\"auto, (max-width: 300px) 100vw, 300px\" \/><\/div>\n<\/div>\n<div class=\"reference-item\">\n<div class=\"reference-content\">\n<h3>L&rsquo;\u00e9cole de chiropraxie<\/h3>\n<p><strong>Institut Franco Europ\u00e9en de Chiropraxie Paris<\/strong><br \/>\n24 Bd Paul Vaillant Couturier<br \/>\n94200 Ivry-sur-Seine<\/p>\n<p><strong>Institut Franco Europ\u00e9en de Chiropraxie Toulouse<\/strong><br \/>\n72 Chemin de la Flamb\u00e8re,<br \/>\n31300 Toulouse<\/p>\n<p><a href=\"http:\/\/www.ifec.net\" target=\"_blank\" rel=\"noopener\">http:\/\/www.ifec.net<\/a><\/p>\n<\/div>\n<div class=\"reference-logo\"><img loading=\"lazy\" decoding=\"async\" class=\"alignnone size-full wp-image-101\" src=\"https:\/\/chiro-valence.local\/wp-content\/uploads\/2026\/01\/1476638681.jpg\" alt=\"\" width=\"180\" height=\"180\" srcset=\"https:\/\/www.valence-chiro.fr\/wp-content\/uploads\/2026\/01\/1476638681.jpg 180w, https:\/\/www.valence-chiro.fr\/wp-content\/uploads\/2026\/01\/1476638681-150x150.jpg 150w\" sizes=\"auto, (max-width: 180px) 100vw, 180px\" \/><\/div>\n<\/div>\n<div class=\"reference-item\">\n<div class=\"reference-content\">\n<h3>Kin\u00e9sio taping<\/h3>\n<p><strong>France:<\/strong> <a href=\"http:\/\/www.kinesiotapingfrance.fr\" target=\"_blank\" rel=\"noopener\">http:\/\/www.kinesiotapingfrance.fr<\/a><\/p>\n<p><strong>US:<\/strong> http:\/\/kinesiotaping.com\/<\/p>\n<\/div>\n<div class=\"reference-logo\"><img loading=\"lazy\" decoding=\"async\" class=\"alignnone size-medium wp-image-104\" src=\"https:\/\/chiro-valence.local\/wp-content\/uploads\/2026\/01\/image-3-300x111.jpg\" alt=\"\" width=\"300\" height=\"111\" srcset=\"https:\/\/www.valence-chiro.fr\/wp-content\/uploads\/2026\/01\/image-3-300x111.jpg 300w, https:\/\/www.valence-chiro.fr\/wp-content\/uploads\/2026\/01\/image-3-768x284.jpg 768w, https:\/\/www.valence-chiro.fr\/wp-content\/uploads\/2026\/01\/image-3.jpg 822w\" sizes=\"auto, (max-width: 300px) 100vw, 300px\" \/><\/div>\n<\/div>\n<div class=\"reference-item\">\n<div class=\"reference-content\">\n<h3>FICS<\/h3>\n<p><strong>F\u00e9d\u00e9ration Internationale Chiropratique du Sport<\/strong><\/p>\n<p><a href=\"http:\/\/www.fics-sport.org\/oad\/index.php\/en\" target=\"_blank\" rel=\"noopener\">http:\/\/www.fics-sport.org<\/a><\/p>\n<\/div>\n<div class=\"reference-logo\"><img loading=\"lazy\" decoding=\"async\" class=\"alignnone size-full wp-image-103\" src=\"https:\/\/chiro-valence.local\/wp-content\/uploads\/2026\/01\/1476721086.jpg\" alt=\"\" width=\"165\" height=\"129\" \/><\/div>\n<\/div>\n<div class=\"reference-item\">\n<div class=\"reference-content\">\n<h3>SOFEC<\/h3>\n<p><strong>Recherche Fran\u00e7aise de chiropraxie<\/strong><\/p>\n<p><a href=\"http:\/\/sofec.com\" target=\"_blank\" rel=\"noopener\">http:\/\/sofec.com<\/a><\/p>\n<\/div>\n<div class=\"reference-logo\"><img loading=\"lazy\" decoding=\"async\" class=\"alignnone size-full wp-image-105\" src=\"https:\/\/chiro-valence.local\/wp-content\/uploads\/2026\/01\/1476721344.png\" alt=\"\" width=\"199\" height=\"205\" \/><\/div>\n<\/div>\n<div class=\"reference-item\">\n<div class=\"reference-content\">\n<h3>F\u00e9d\u00e9ration Internationale<\/h3>\n<p><strong>F\u00e9d\u00e9ration internationale de chiropratique<\/strong><\/p>\n<p><a href=\"http:\/\/www.wfc.org\/fr\/accueil\" target=\"_blank\" rel=\"noopener\">http:\/\/www.wfc.org\/fr\/accueil<\/a><\/p>\n<\/div>\n<div class=\"reference-logo\"><img loading=\"lazy\" decoding=\"async\" class=\"alignnone size-medium wp-image-112\" src=\"https:\/\/chiro-valence.local\/wp-content\/uploads\/2026\/01\/1476721686-300x42.jpeg\" alt=\"\" width=\"300\" height=\"42\" srcset=\"https:\/\/www.valence-chiro.fr\/wp-content\/uploads\/2026\/01\/1476721686-300x42.jpeg 300w, https:\/\/www.valence-chiro.fr\/wp-content\/uploads\/2026\/01\/1476721686-768x108.jpeg 768w, https:\/\/www.valence-chiro.fr\/wp-content\/uploads\/2026\/01\/1476721686.jpeg 792w\" sizes=\"auto, (max-width: 300px) 100vw, 300px\" \/><\/div>\n<\/div>\n<\/div>\n<p><!--more--><\/p>\n","protected":false},"excerpt":{"rendered":"<p>Sites et r\u00e9f\u00e9rences AFC Association Fran\u00e7aise de Chiropraxie http:\/\/www.chiropraxie.com L&rsquo;\u00e9cole de chiropraxie Institut Franco Europ\u00e9en de Chiropraxie Paris 24 Bd Paul Vaillant Couturier 94200 Ivry-sur-Seine Institut Franco Europ\u00e9en de Chiropraxie&#8230;<\/p>\n","protected":false},"author":2,"featured_media":0,"parent":0,"menu_order":4,"comment_status":"closed","ping_status":"closed","template":"","meta":{"footnotes":""},"class_list":["post-5","page","type-page","status-publish","hentry"],"_links":{"self":[{"href":"https:\/\/www.valence-chiro.fr\/index.php?rest_route=\/wp\/v2\/pages\/5","targetHints":{"allow":["GET"]}}],"collection":[{"href":"https:\/\/www.valence-chiro.fr\/index.php?rest_route=\/wp\/v2\/pages"}],"about":[{"href":"https:\/\/www.valence-chiro.fr\/index.php?rest_route=\/wp\/v2\/types\/page"}],"author":[{"embeddable":true,"href":"https:\/\/www.valence-chiro.fr\/index.php?rest_route=\/wp\/v2\/users\/2"}],"replies":[{"embeddable":true,"href":"https:\/\/www.valence-chiro.fr\/index.php?rest_route=%2Fwp%2Fv2%2Fcomments&post=5"}],"version-history":[{"count":3,"href":"https:\/\/www.valence-chiro.fr\/index.php?rest_route=\/wp\/v2\/pages\/5\/revisions"}],"predecessor-version":[{"id":113,"href":"https:\/\/www.valence-chiro.fr\/index.php?rest_route=\/wp\/v2\/pages\/5\/revisions\/113"}],"wp:attachment":[{"href":"https:\/\/www.valence-chiro.fr\/index.php?rest_route=%2Fwp%2Fv2%2Fmedia&parent=5"}],"curies":[{"name":"wp","href":"https:\/\/api.w.org\/{rel}","templated":true}]}}