{"id":15,"date":"2025-12-31T11:43:45","date_gmt":"2025-12-31T10:43:45","guid":{"rendered":"https:\/\/chiro-valence.local\/?page_id=15"},"modified":"2026-01-01T09:23:19","modified_gmt":"2026-01-01T08:23:19","slug":"les-soins","status":"publish","type":"page","link":"https:\/\/www.valence-chiro.fr\/?page_id=15","title":{"rendered":"Les soins &#8211; Valence les couleures &#8211; Chiropratique &#8211; Julien Fumas"},"content":{"rendered":"<div class=\"soins-container\">\n<h1 style=\"text-align: center; margin-bottom: 40px;\">Les soins<\/h1>\n<p><img decoding=\"async\" class=\"soins-header-image\" src=\"https:\/\/chiro-valence.local\/wp-content\/uploads\/2025\/12\/colonne-vertebrale.jpg\" alt=\"Les soins chiropratiques\" \/><\/p>\n<div class=\"soins-grid\">\n<div class=\"soin-card\">\n<h3><img loading=\"lazy\" decoding=\"async\" class=\"alignnone size-medium wp-image-109\" src=\"https:\/\/chiro-valence.local\/wp-content\/uploads\/2026\/01\/image-4-256x300.jpg\" alt=\"\" width=\"256\" height=\"300\" srcset=\"https:\/\/www.valence-chiro.fr\/wp-content\/uploads\/2026\/01\/image-4-256x300.jpg 256w, https:\/\/www.valence-chiro.fr\/wp-content\/uploads\/2026\/01\/image-4.jpg 298w\" sizes=\"auto, (max-width: 256px) 100vw, 256px\" \/>Diagnostic<\/h3>\n<ul style=\"text-align: left; padding: 0;\">\n<li>&#8211; Anamn\u00e8se<\/li>\n<li>&#8211; Inspection et analyse structurelle<\/li>\n<li>&#8211; Examen clinique physique, neuro orthop\u00e9dique<\/li>\n<\/ul>\n<\/div>\n<div class=\"soin-card\">\n<h3><img loading=\"lazy\" decoding=\"async\" class=\"alignnone size-medium wp-image-108\" src=\"https:\/\/chiro-valence.local\/wp-content\/uploads\/2026\/01\/1476720023-300x200.jpg\" alt=\"\" width=\"300\" height=\"200\" srcset=\"https:\/\/www.valence-chiro.fr\/wp-content\/uploads\/2026\/01\/1476720023-300x200.jpg 300w, https:\/\/www.valence-chiro.fr\/wp-content\/uploads\/2026\/01\/1476720023.jpg 424w\" sizes=\"auto, (max-width: 300px) 100vw, 300px\" \/>Soins<\/h3>\n<p>Diverses techniques, alliant de la manipulation avec vecteur de force, assist\u00e9 m\u00e9caniquement ou instrumentale, pour s&rsquo;adapter \u00e0 tous!<\/p>\n<\/div>\n<div class=\"soin-card\">\n<h3><img loading=\"lazy\" decoding=\"async\" class=\"alignnone size-full wp-image-107\" src=\"https:\/\/chiro-valence.local\/wp-content\/uploads\/2026\/01\/1476720018.jpg\" alt=\"\" width=\"289\" height=\"300\" \/>Pr\u00e9vention<\/h3>\n<p>Le contr\u00f4le technique: pr\u00e9server son corps, pr\u00e9venir des blessures, optimiser son quotidien<\/p>\n<\/div>\n<\/div>\n<h2 style=\"text-align: center; margin: 60px 0 40px; color: #2c5aa0;\">Indications<\/h2>\n<div class=\"soins-indications\">\n<div class=\"soins-indications-text\">\n<p>L&rsquo;exercice du chiropracteur consiste \u00e0 pr\u00e9venir, diagnostiquer et traiter les <strong>affections biom\u00e9caniques neuro-musculo-squelettiques<\/strong>.<\/p>\n<p>Il se concentre sur les troubles fonctionnels ou pathologiques de l&rsquo;appareil locomoteur &#8211; plus sp\u00e9cifiquement de la colonne vert\u00e9brale &#8211; et de leurs cons\u00e9quences.<\/p>\n<h3 style=\"color: #2c5aa0; margin-top: 30px;\">Exemples d&rsquo;indications :<\/h3>\n<ul>\n<li>Lombalgie, sciatique, hernie discale, etc&#8230;<\/li>\n<li>Torticolis, c\u00e9phal\u00e9es cervicog\u00e9niques, etc&#8230;<\/li>\n<li>N\u00e9vralgie brachiale et intercostale<\/li>\n<li>Entorses, tendinites, instabilit\u00e9 articulaire, canal carpien, etc&#8230;<\/li>\n<li>Troubles visc\u00e9raux, chroniques et fonctionnels&#8230;<\/li>\n<\/ul>\n<\/div>\n<div class=\"soins-indications-image\"><img loading=\"lazy\" decoding=\"async\" class=\"alignnone size-medium wp-image-106\" src=\"https:\/\/chiro-valence.local\/wp-content\/uploads\/2026\/01\/image-5-214x300.jpg\" alt=\"\" width=\"214\" height=\"300\" srcset=\"https:\/\/www.valence-chiro.fr\/wp-content\/uploads\/2026\/01\/image-5-214x300.jpg 214w, https:\/\/www.valence-chiro.fr\/wp-content\/uploads\/2026\/01\/image-5.jpg 596w\" sizes=\"auto, (max-width: 214px) 100vw, 214px\" \/><\/div>\n<\/div>\n<\/div>\n<p><!--more--><\/p>\n","protected":false},"excerpt":{"rendered":"<p>Les soins Diagnostic &#8211; Anamn\u00e8se &#8211; Inspection et analyse structurelle &#8211; Examen clinique physique, neuro orthop\u00e9dique Soins Diverses techniques, alliant de la manipulation avec vecteur de force, assist\u00e9 m\u00e9caniquement ou&#8230;<\/p>\n","protected":false},"author":2,"featured_media":0,"parent":0,"menu_order":8,"comment_status":"closed","ping_status":"closed","template":"","meta":{"footnotes":""},"class_list":["post-15","page","type-page","status-publish","hentry"],"_links":{"self":[{"href":"https:\/\/www.valence-chiro.fr\/index.php?rest_route=\/wp\/v2\/pages\/15","targetHints":{"allow":["GET"]}}],"collection":[{"href":"https:\/\/www.valence-chiro.fr\/index.php?rest_route=\/wp\/v2\/pages"}],"about":[{"href":"https:\/\/www.valence-chiro.fr\/index.php?rest_route=\/wp\/v2\/types\/page"}],"author":[{"embeddable":true,"href":"https:\/\/www.valence-chiro.fr\/index.php?rest_route=\/wp\/v2\/users\/2"}],"replies":[{"embeddable":true,"href":"https:\/\/www.valence-chiro.fr\/index.php?rest_route=%2Fwp%2Fv2%2Fcomments&post=15"}],"version-history":[{"count":5,"href":"https:\/\/www.valence-chiro.fr\/index.php?rest_route=\/wp\/v2\/pages\/15\/revisions"}],"predecessor-version":[{"id":111,"href":"https:\/\/www.valence-chiro.fr\/index.php?rest_route=\/wp\/v2\/pages\/15\/revisions\/111"}],"wp:attachment":[{"href":"https:\/\/www.valence-chiro.fr\/index.php?rest_route=%2Fwp%2Fv2%2Fmedia&parent=15"}],"curies":[{"name":"wp","href":"https:\/\/api.w.org\/{rel}","templated":true}]}}