{"id":12,"date":"2025-12-31T11:43:45","date_gmt":"2025-12-31T10:43:45","guid":{"rendered":"https:\/\/chiro-valence.local\/?page_id=12"},"modified":"2026-01-01T17:57:58","modified_gmt":"2026-01-01T16:57:58","slug":"adresse","status":"publish","type":"page","link":"https:\/\/www.valence-chiro.fr\/","title":{"rendered":"Contact &#8211; Valence les couleures &#8211; Chiropratique &#8211; Julien Fumas"},"content":{"rendered":"<div class=\"contact-container\">\n<h1 style=\"text-align: center;margin-bottom: 40px\">Contact<\/h1>\n<div class=\"contact-grid\">\n<div class=\"contact-info\">\n<h3>Julien FUMAS<\/h3>\n<ul>\n<li><strong>Chiropracteur<\/strong>, DC<\/li>\n<li><strong>Certifi\u00e9<\/strong> chiropracteur international du sport ICCSP<\/li>\n<li><strong>Dipl\u00f4me universitaire<\/strong> dans la prise en charge pr\u00e9ventive du sportif<\/li>\n<li><strong>Certifi\u00e9<\/strong> praticien en kin\u00e9sio taping et assistant de cours CKTP<\/li>\n<\/ul><\/div>\n<div class=\"contact-info\">\n<h3>Informations<\/h3>\n<p><strong>Place Fernand Pouillon<\/strong><br \/>\n        26000, Valence<br \/>\n        France<\/p>\n<p style=\"margin-top: 20px\">\n        <strong>Email:<\/strong> chiro.valence@gmail.com<br \/>\n        <strong>Portable:<\/strong> 07.49.21.25.85<br \/>\n        <strong>Agenda:<\/strong> <a href=\"https:\/\/www.clicrdv.com\/julien-fumas\" target=\"_blank\">https:\/\/www.clicrdv.com\/julien-fumas<\/a>\n        <\/p>\n<\/p><\/div>\n<\/div>\n<div class=\"contact-alert\">\n<h3>Attention \u00e0 l&rsquo;adresse:<\/h3>\n<p><strong>Place Fernand Pouillon, 26000 Valence<\/strong><\/p>\n<p>Cabinet \u00e0 50m du grand centre m\u00e9dical actuel !<\/p>\n<\/div>\n<div class=\"contact-map\"><iframe src=\"https:\/\/maps.google.com\/maps?q=Place+Fernand+Pouillon,+26000+Valence&#038;t=&#038;z=15&#038;ie=UTF8&#038;iwloc=&#038;output=embed\" width=\"100%\" height=\"100%\" style=\"border:0;border-radius: 8px\" allowfullscreen=\"\" loading=\"lazy\" referrerpolicy=\"no-referrer-when-downgrade\"><\/iframe><\/div>\n<div style=\"margin-top: 40px;background: #f9f9f9;padding: 30px;border-radius: 8px\">\n<h3 style=\"color: #2c5aa0;margin-bottom: 20px\">Acc\u00e8s<\/h3>\n<p><strong>Grands parkings Gratuits<\/strong>, Place Fernand Pouillon<\/p>\n<p>Norme Acc\u00e8s Handicap\u00e9s<\/p>\n<ul>\n<li>Zone des Couleures 1, \u00e0 c\u00f4t\u00e9 de 100% r\u00e9ception, vers boconcept, Faure jardinage, animalerie Kalao,&#8230;<\/li>\n<li>De l&rsquo;autre c\u00f4t\u00e9 de l&rsquo;ancien D\u00e9cathlon, Bastide,&#8230;<\/li>\n<li>Proche sortie N7 et N532, sortie valence les Couleures<\/li>\n<\/ul>\n<\/div>\n<\/div>\n","protected":false},"excerpt":{"rendered":"<p>Contact Julien FUMAS Chiropracteur, DC Certifi\u00e9 chiropracteur international du sport ICCSP Dipl\u00f4me universitaire dans la prise en charge pr\u00e9ventive du sportif Certifi\u00e9 praticien en kin\u00e9sio taping et assistant de cours&#8230;<\/p>\n","protected":false},"author":2,"featured_media":0,"parent":0,"menu_order":5,"comment_status":"closed","ping_status":"closed","template":"","meta":{"footnotes":""},"class_list":["post-12","page","type-page","status-publish","hentry"],"_links":{"self":[{"href":"https:\/\/www.valence-chiro.fr\/index.php?rest_route=\/wp\/v2\/pages\/12","targetHints":{"allow":["GET"]}}],"collection":[{"href":"https:\/\/www.valence-chiro.fr\/index.php?rest_route=\/wp\/v2\/pages"}],"about":[{"href":"https:\/\/www.valence-chiro.fr\/index.php?rest_route=\/wp\/v2\/types\/page"}],"author":[{"embeddable":true,"href":"https:\/\/www.valence-chiro.fr\/index.php?rest_route=\/wp\/v2\/users\/2"}],"replies":[{"embeddable":true,"href":"https:\/\/www.valence-chiro.fr\/index.php?rest_route=%2Fwp%2Fv2%2Fcomments&post=12"}],"version-history":[{"count":4,"href":"https:\/\/www.valence-chiro.fr\/index.php?rest_route=\/wp\/v2\/pages\/12\/revisions"}],"predecessor-version":[{"id":115,"href":"https:\/\/www.valence-chiro.fr\/index.php?rest_route=\/wp\/v2\/pages\/12\/revisions\/115"}],"wp:attachment":[{"href":"https:\/\/www.valence-chiro.fr\/index.php?rest_route=%2Fwp%2Fv2%2Fmedia&parent=12"}],"curies":[{"name":"wp","href":"https:\/\/api.w.org\/{rel}","templated":true}]}}