{"id":11,"date":"2025-12-31T11:43:45","date_gmt":"2025-12-31T10:43:45","guid":{"rendered":"https:\/\/chiro-valence.local\/?page_id=11"},"modified":"2025-12-31T18:24:44","modified_gmt":"2025-12-31T17:24:44","slug":"articles","status":"publish","type":"page","link":"https:\/\/www.valence-chiro.fr\/?page_id=11","title":{"rendered":"Articles &#8211; Valence les couleures &#8211; Chiropratique &#8211; Julien Fumas"},"content":{"rendered":"<div class=\"articles-container\">\n<h1>Articles<\/h1>\n<p><!-- Article 1 --><\/p>\n<div class=\"article-item\">\n<div class=\"article-image\">\n        <img decoding=\"async\" src=\"https:\/\/chiro-valence.local\/wp-content\/uploads\/2025\/12\/article-a2g-2019.jpg\" alt=\"Tournois A2G\">\n    <\/div>\n<div class=\"article-content\">\n<h2>Tournois par \u00e9quipe \u00e0 l&rsquo;A2G: 18 Mai 2019<\/h2>\n<p>Le cabinet de chiropraxie Valence les Couleures et St P\u00e9ray \u00e9taient pr\u00e9sent pour soigner les athl\u00e8tes, en tant que partenaire de l&rsquo;A2G<\/p>\n<p>Pas moins de 7 clubs de Jiu Jitsu avec 90 participants !<\/p>\n<p><a href=\"https:\/\/www.valence-chiro.fr\/\" target=\"_blank\">https:\/\/www.valence-chiro.fr\/<\/a><br \/>\n        <a href=\"https:\/\/www.chiro-toutaud.fr\/\" target=\"_blank\">https:\/\/www.chiro-toutaud.fr\/<\/a><br \/>\n        <a href=\"https:\/\/www.a-2-g.fr\/\" target=\"_blank\">https:\/\/www.a-2-g.fr\/<\/a><\/p>\n<\/p><\/div>\n<\/div>\n<p><!-- Article 2 --><\/p>\n<div class=\"article-item\">\n<div class=\"article-image\">\n        <img decoding=\"async\" src=\"https:\/\/chiro-valence.local\/wp-content\/uploads\/2025\/12\/article-challenge-drome-2019.jpg\" alt=\"Challenge Val de Dr\u00f4me\">\n    <\/div>\n<div class=\"article-content\">\n<h2>Challenge Val de Dr\u00f4me: 11-12 Mai 2019<\/h2>\n<p>L&rsquo;\u00e9quipe de soignants pour les coureurs:<\/p>\n<ul>\n<li>2 chiropracteurs<\/li>\n<li>3 podologues<\/li>\n<li>1 ost\u00e9opathe<\/li>\n<li>1 Kin\u00e9sith\u00e9rapeute<\/li>\n<\/ul>\n<p><a href=\"https:\/\/www.valence-chiro.fr\/\" target=\"_blank\">https:\/\/www.valence-chiro.fr\/<\/a><br \/>\n        <a href=\"https:\/\/www.chiro-toutaud.fr\/\" target=\"_blank\">https:\/\/www.chiro-toutaud.fr\/<\/a><br \/>\n        <a href=\"http:\/\/www.challenge-drome.com\/\" target=\"_blank\">http:\/\/www.challenge-drome.com\/<\/a><\/p>\n<\/p><\/div>\n<\/div>\n<p><!-- Article 3 --><\/p>\n<div class=\"article-item\">\n<div class=\"article-image\">\n        <img decoding=\"async\" src=\"https:\/\/chiro-valence.local\/wp-content\/uploads\/2025\/12\/article-route-grands-vins-2019.jpg\" alt=\"Route des Grands Vins\">\n    <\/div>\n<div class=\"article-content\">\n<h2>Tour de la Route des Grands Vins 2019<\/h2>\n<p>Organis\u00e9 par le TRGV, l&rsquo;\u00e9quipe de soignants:<\/p>\n<ul>\n<li>Chiropracteurs: Julien Fumas et Cyrielle Toutaud<\/li>\n<li>Podologues: Julie et Lucie<\/li>\n<li>Masseuse: Corine<\/li>\n<\/ul>\n<p><a href=\"https:\/\/www.valence-chiro.fr\/\" target=\"_blank\">https:\/\/www.valence-chiro.fr\/<\/a><br \/>\n        <a href=\"https:\/\/www.chiro-toutaud.fr\/\" target=\"_blank\">https:\/\/www.chiro-toutaud.fr\/<\/a><br \/>\n        <a href=\"https:\/\/www.facebook.com\/TRGV26\/\" target=\"_blank\">https:\/\/www.facebook.com\/TRGV26\/<\/a><\/p>\n<\/p><\/div>\n<\/div>\n<p><!-- Article 4 --><\/p>\n<div class=\"article-item\">\n<div class=\"article-image\">\n        <img decoding=\"async\" src=\"https:\/\/chiro-valence.local\/wp-content\/uploads\/2025\/12\/article-finale-jjb-2018.jpg\" alt=\"Finale France JJB\">\n    <\/div>\n<div class=\"article-content\">\n<h2>Finale des championnats de France 2018 &#8211; Jiu Jitsu Br\u00e9silien<\/h2>\n<p>Fier d&rsquo;\u00eatre partenaire du club A2G et d&rsquo;avoir pu accompagner certains d&rsquo;entre vous, podium ou pas, jusqu&rsquo;\u00e0 cette \u00e9tape.<\/p>\n<p><a href=\"https:\/\/www.a-2-g.fr\/\" target=\"_blank\">https:\/\/www.a-2-g.fr\/<\/a><br \/>\n        <a href=\"https:\/\/www.valence-chiro.fr\/\" target=\"_blank\">https:\/\/www.valence-chiro.fr\/<\/a><br \/>\n        <a href=\"https:\/\/www.chiro-toutaud.fr\/\" target=\"_blank\">https:\/\/www.chiro-toutaud.fr\/<\/a><\/p>\n<\/p><\/div>\n<\/div>\n<p><!-- Article 5 --><\/p>\n<div class=\"article-item\">\n<div class=\"article-image\">\n        <img decoding=\"async\" src=\"https:\/\/chiro-valence.local\/wp-content\/uploads\/2025\/12\/article-crussol-zen-2018.jpg\" alt=\"Crussol Zen\">\n    <\/div>\n<div class=\"article-content\">\n<h2>Journ\u00e9e Crussol Zen 2018<\/h2>\n<p>Conf\u00e9rence sous le ch\u00e2teau de Crussol: \u00ab\u00a0<em>Un corps bien stress\u00e9<\/em>\u00ab\u00a0<\/p>\n<p>Avec Cyrielle Toutaud, St P\u00e9ray et Julien Fumas, Valence les couleures<\/p>\n<p><a href=\"https:\/\/www.valence-chiro.fr\/\" target=\"_blank\">https:\/\/www.valence-chiro.fr\/<\/a><br \/>\n        <a href=\"https:\/\/www.chiro-toutaud.fr\/\" target=\"_blank\">https:\/\/www.chiro-toutaud.fr\/<\/a><\/p>\n<\/p><\/div>\n<\/div>\n<p><!-- Article 6 --><\/p>\n<div class=\"article-item\">\n<div class=\"article-image\">\n        <img decoding=\"async\" src=\"https:\/\/chiro-valence.local\/wp-content\/uploads\/2025\/12\/article-semaine-bien-etre-2018.jpg\" alt=\"Semaine Bien-\u00eatre St P\u00e9ray\">\n    <\/div>\n<div class=\"article-content\">\n<h2>Semaine du Bien-\u00eatre St P\u00e9ray 2018<\/h2>\n<p><strong>Conf\u00e9rence:<\/strong> Qu&rsquo;est ce que la chiropraxie? &#8211; Mercredi 23 Mai<\/p>\n<p><strong>Atelier:<\/strong> Cons\u00e9quences d&rsquo;une mauvaise posture &#8211; Samedi 26 Mai<\/p>\n<p>Avec Cyrielle Toutaud, DC, St P\u00e9ray<\/p>\n<p><a href=\"https:\/\/www.valence-chiro.fr\/\" target=\"_blank\">https:\/\/www.valence-chiro.fr\/<\/a><br \/>\n        <a href=\"https:\/\/www.chiro-toutaud.fr\/\" target=\"_blank\">https:\/\/www.chiro-toutaud.fr\/<\/a><\/p>\n<\/p><\/div>\n<\/div>\n<p><!-- Article 7 --><\/p>\n<div class=\"article-item\">\n<div class=\"article-image\">\n        <img decoding=\"async\" src=\"https:\/\/chiro-valence.local\/wp-content\/uploads\/2025\/12\/article-challenge-drome-2018.jpg\" alt=\"Challenge 2018\">\n    <\/div>\n<div class=\"article-content\">\n<h2>Challenge Val de Dr\u00f4me: 12-13 Mai 2018<\/h2>\n<p><a href=\"https:\/\/www.valence-chiro.fr\/\" target=\"_blank\">https:\/\/www.valence-chiro.fr\/<\/a><br \/>\n        <a href=\"https:\/\/www.chiro-toutaud.fr\/\" target=\"_blank\">https:\/\/www.chiro-toutaud.fr\/<\/a><\/p>\n<\/p><\/div>\n<\/div>\n<p><!-- Article 8 --><\/p>\n<div class=\"article-item\">\n<div class=\"article-image\">\n        <img decoding=\"async\" src=\"https:\/\/chiro-valence.local\/wp-content\/uploads\/2025\/12\/article-judo-cadet-2018.jpg\" alt=\"Judo Cadet\">\n    <\/div>\n<div class=\"article-content\">\n<h2>1\/2 final de France, Judo Cadet<\/h2>\n<p>Soins des jeunes comp\u00e9titeurs, par les chiropracteurs: Julien Fumas et Cyrielle Toutaud<\/p>\n<p>Grand merci \u00e0 l&rsquo;A2G, pour son soutien et l&rsquo;opportunit\u00e9 de participer \u00e0 cet \u00e9v\u00e9nement<\/p>\n<p><a href=\"https:\/\/www.chiro-toutaud.fr\/\" target=\"_blank\">https:\/\/www.chiro-toutaud.fr\/<\/a><br \/>\n        <a href=\"https:\/\/www.valence-chiro.fr\/\" target=\"_blank\">https:\/\/www.valence-chiro.fr\/<\/a><br \/>\n        <a href=\"https:\/\/www.a-2-g.fr\/\" target=\"_blank\">https:\/\/www.a-2-g.fr\/<\/a><\/p>\n<\/p><\/div>\n<\/div>\n<p><!-- Article 9 --><\/p>\n<div class=\"article-item\">\n<div class=\"article-image\">\n        <img decoding=\"async\" src=\"https:\/\/chiro-valence.local\/wp-content\/uploads\/2025\/12\/article-run-bike-2018.jpg\" alt=\"Run and Bike\">\n    <\/div>\n<div class=\"article-content\">\n<h2>Run and Bike de la St Valentin: 11 f\u00e9vrier 2018<\/h2>\n<p>Soins des athl\u00e8tes, \u00e0 la fin de la course: Cabinet chiropratique Valence les Couleures et St P\u00e9ray<\/p>\n<p>Avec le Club de Guilh\u00e9rand Granges Triathlon<\/p>\n<p><a href=\"http:\/\/ggtriathlon.wixsite.com\/gg-triathlon\" target=\"_blank\">http:\/\/ggtriathlon.wixsite.com\/gg-triathlon<\/a><\/p>\n<\/p><\/div>\n<\/div>\n<p><!-- Article 10 --><\/p>\n<div class=\"article-item\">\n<div class=\"article-image\">\n        <img decoding=\"async\" src=\"https:\/\/chiro-valence.local\/wp-content\/uploads\/2025\/12\/article-self-defense-2017.jpg\" alt=\"Valence Self D\u00e9fense\">\n    <\/div>\n<div class=\"article-content\">\n<h2>Valence Self D\u00e9fense: 09 D\u00e9cembre 2017<\/h2>\n<p>Pr\u00e9sentation de la chiropratique avec le club de self d\u00e9fense de Valence.<\/p>\n<p>Stage avec David Delanoy, expert Fran\u00e7ais en self d\u00e9fense<\/p>\n<p>Partenariat mis en place avec: R\u00e9my, Julien et Bruno (responsables du club) et Julien Fumas\/Cyrielle Toutaud (chiropraticiens)<\/p>\n<p><a href=\"https:\/\/www.valenceselfdefense.com\/\" target=\"_blank\">https:\/\/www.valenceselfdefense.com\/<\/a><br \/>\n        <a href=\"https:\/\/www.valence-chiro.fr\/\" target=\"_blank\">https:\/\/www.valence-chiro.fr\/<\/a><br \/>\n        <a href=\"https:\/\/www.chiro-toutaud.fr\/\" target=\"_blank\">https:\/\/www.chiro-toutaud.fr\/<\/a><\/p>\n<\/p><\/div>\n<\/div>\n<p><!-- Article 11 --><\/p>\n<div class=\"article-item\">\n<div class=\"article-image\">\n        <img decoding=\"async\" src=\"https:\/\/chiro-valence.local\/wp-content\/uploads\/2025\/12\/article-a2g-2017.jpg\" alt=\"Club A2G\">\n    <\/div>\n<div class=\"article-content\">\n<h2>Club A2G: 11 septembre 2017<\/h2>\n<p>Pr\u00e9sentation de la chiropratique au club de judo et jiu-jitsu br\u00e9silien A2G Guilherand-Granges<\/p>\n<p>Partenariat mis en place avec: R\u00e9my Marcon\/Corentin Mahey (responsables du club) et Julien Fumas\/Cyrielle Toutaud (chiropraticiens)<\/p>\n<p><a href=\"https:\/\/www.a-2-g.fr\/\" target=\"_blank\">https:\/\/www.a-2-g.fr\/<\/a><\/p>\n<\/p><\/div>\n<\/div>\n<p><!-- Article 12 --><\/p>\n<div class=\"article-item\">\n<div class=\"article-image\">\n        <img decoding=\"async\" src=\"https:\/\/chiro-valence.local\/wp-content\/uploads\/2025\/12\/article-ronde-crussol-2017.jpg\" alt=\"Ronde de Crussol\">\n    <\/div>\n<div class=\"article-content\">\n<h2>La ronde de Crussol: 10 Septembre 2017<\/h2>\n<p>Avec le cabinet chiropratique St P\u00e9ray et Kin\u00e9sith\u00e9rapeutes, pour soigner les coureurs \u00e0 l&rsquo;arriv\u00e9e.<\/p>\n<p><a href=\"https:\/\/www.valence-chiro.fr\/\" target=\"_blank\">https:\/\/www.valence-chiro.fr\/<\/a><br \/>\n        <a href=\"https:\/\/www.chiro-toutaud.fr\/\" target=\"_blank\">https:\/\/www.chiro-toutaud.fr\/<\/a><\/p>\n<\/p><\/div>\n<\/div>\n<p><!-- Article 13 --><\/p>\n<div class=\"article-item\">\n<div class=\"article-image\">\n        <img decoding=\"async\" src=\"https:\/\/chiro-valence.local\/wp-content\/uploads\/2025\/12\/article-zen-crussol-2017.jpg\" alt=\"Journ\u00e9e Zen Crussol\">\n    <\/div>\n<div class=\"article-content\">\n<h2>Journ\u00e9e Zen de Crussol: 23 Juillet 2017<\/h2>\n<p>Conf\u00e9rence au ch\u00e2teau de Crussol: \u00ab\u00a0Un corps bien stress\u00e9\u00a0\u00bb<\/p>\n<p><a href=\"https:\/\/www.valence-chiro.fr\/\" target=\"_blank\">https:\/\/www.valence-chiro.fr\/<\/a><br \/>\n        <a href=\"https:\/\/www.chiro-toutaud.fr\/\" target=\"_blank\">https:\/\/www.chiro-toutaud.fr\/<\/a><\/p>\n<\/p><\/div>\n<\/div>\n<p><!-- Article 14 --><\/p>\n<div class=\"article-item\">\n<div class=\"article-image\">\n        <img decoding=\"async\" src=\"https:\/\/chiro-valence.local\/wp-content\/uploads\/2025\/12\/article-challenge-drome-2017.jpg\" alt=\"Challenge 2017\">\n    <\/div>\n<div class=\"article-content\">\n<h2>Challenge Val de Dr\u00f4me: 12-14 Mai 2017<\/h2>\n<p>2 chiropracteurs, 1 ost\u00e9opathe, 2 podologues, 2 kin\u00e9sith\u00e9rapeutes, 2 masseurs, pour soigner les coureurs \u00e0 l&rsquo;arriv\u00e9e.<\/p>\n<p>Super rencontre, interdisciplinaire, pour soigner au mieux les attentes des challengeurs!<\/p>\n<p><a href=\"https:\/\/www.valence-chiro.fr\/\" target=\"_blank\">https:\/\/www.valence-chiro.fr\/<\/a><br \/>\n        <a href=\"https:\/\/www.chiro-toutaud.fr\/\" target=\"_blank\">https:\/\/www.chiro-toutaud.fr\/<\/a><\/p>\n<\/p><\/div>\n<\/div>\n<p><!-- Article 15 --><\/p>\n<div class=\"article-item\">\n<div class=\"article-image\">\n        <img decoding=\"async\" src=\"https:\/\/chiro-valence.local\/wp-content\/uploads\/2025\/12\/article-semaine-bien-etre-2017.jpg\" alt=\"Semaine bien-\u00eatre 2017\">\n    <\/div>\n<div class=\"article-content\">\n<h2>Semaine du bien-\u00eatre St P\u00e9ray: 08-13 Mai 2017<\/h2>\n<p>Conf\u00e9rence sur \u00ab\u00a0les cons\u00e9quences d&rsquo;une mauvaise posture\u00a0\u00bb<\/p>\n<p><a href=\"https:\/\/www.valence-chiro.fr\/\" target=\"_blank\">https:\/\/www.valence-chiro.fr\/<\/a><br \/>\n        <a href=\"https:\/\/www.chiro-toutaud.fr\/\" target=\"_blank\">https:\/\/www.chiro-toutaud.fr\/<\/a><\/p>\n<\/p><\/div>\n<\/div>\n<p><!-- Article 16 --><\/p>\n<div class=\"article-item\">\n<div class=\"article-image\">\n        <img decoding=\"async\" src=\"https:\/\/chiro-valence.local\/wp-content\/uploads\/2025\/12\/article-mondiaux-handball-2017.jpg\" alt=\"Mondiaux Handball\">\n    <\/div>\n<div class=\"article-content\">\n<h2>Mondiaux de Hand Ball: Arena Paris 2017<\/h2>\n<p>Pendant pr\u00e8s de 2 semaines, des \u00e9quipes de chiropracteurs se sont relay\u00e9es pour soigner b\u00e9n\u00e9voles, staff et joueurs des mondiaux de handball, organis\u00e9s en France.<\/p>\n<p><a href=\"https:\/\/www.valence-chiro.fr\/\" target=\"_blank\">https:\/\/www.valence-chiro.fr\/<\/a><br \/>\n        <a href=\"https:\/\/www.chiro-toutaud.fr\/\" target=\"_blank\">https:\/\/www.chiro-toutaud.fr\/<\/a><\/p>\n<\/p><\/div>\n<\/div>\n<p><!-- Article 17 --><\/p>\n<div class=\"article-item\">\n<div class=\"article-image\">\n        <img decoding=\"async\" src=\"https:\/\/chiro-valence.local\/wp-content\/uploads\/2025\/12\/article-marathon-salon-2016.jpg\" alt=\"Marathon Salon\">\n    <\/div>\n<div class=\"article-content\">\n<h2>Marathon de Salon de Provence: 13\/11\/2016<\/h2>\n<p>\u00c9quipe de 11 chiropracteurs pour soigner les coureurs \u00e0 leur arriv\u00e9e.<\/p>\n<p><a href=\"https:\/\/www.valence-chiro.fr\/\" target=\"_blank\">https:\/\/www.valence-chiro.fr\/<\/a><br \/>\n        <a href=\"https:\/\/www.chiro-toutaud.fr\/\" target=\"_blank\">https:\/\/www.chiro-toutaud.fr\/<\/a><\/p>\n<\/p><\/div>\n<\/div>\n<h2 class=\"section-title\">La chiro dans le sport<\/h2>\n<div class=\"article-item\">\n<div class=\"article-image\">\n        <img decoding=\"async\" src=\"https:\/\/chiro-valence.local\/wp-content\/uploads\/2025\/12\/chiro-sport.jpg\" alt=\"Chiro dans le sport\">\n    <\/div>\n<div class=\"article-content\">\n<h2>De nombreux sportifs amateurs ou professionnels ont ralli\u00e9 leur cause \u00e0 la chiropratique<\/h2>\n<p>De l&rsquo;amateur, au professionnel, en passant du petit club local aux grands clubs sportifs, de nombreux athl\u00e8tes se font r\u00e9guli\u00e8rement traiter: performance articulaire et musculaire, pr\u00e9vention des blessures et soins apr\u00e8s blessures.<\/p>\n<p><strong>Les sportifs expliquent cet engouement pour la chiro, par le fait qu&rsquo;ils ont observ\u00e9:<\/strong><\/p>\n<ul>\n<li>Une performance accrue<\/li>\n<li>Un gain de coordination et de pr\u00e9cision<\/li>\n<li>Une meilleure r\u00e9cup\u00e9ration et un temps de r\u00e9cup\u00e9ration plus court apr\u00e8s blessure<\/li>\n<li>Une meilleure endurance<\/li>\n<\/ul>\n<p><strong>Liste exhaustive d&rsquo;athl\u00e8tes:<\/strong><\/p>\n<ul>\n<li>Usain Bolt: multiple champion olympique de course<\/li>\n<li>Tiger Wood: multiple champion de golf<\/li>\n<li>Andy Murray et Novak Djokovic: Champion de tennis<\/li>\n<li>Evander Holyfield: champion du monde de boxe poids lourd<\/li>\n<li>Arnold Schwarzenegger: champion du monde de culture physique<\/li>\n<li>Lance Armstrong: champion cyclisme<\/li>\n<li>Dan O&rsquo;Brian: champion du monde de d\u00e9cathlon<\/li>\n<li>\u00c9galement des clubs sportifs tel que: Asvel, Milan AC, Juventus de Turin, Manchester United&#8230;<\/li>\n<\/ul><\/div>\n<\/div>\n<h2 class=\"section-title\">Partenariat<\/h2>\n<div class=\"article-item\">\n<div class=\"article-image\">\n        <img decoding=\"async\" src=\"https:\/\/chiro-valence.local\/wp-content\/uploads\/2025\/12\/logo-a2g.jpg\" alt=\"A2G\">\n    <\/div>\n<div class=\"article-content\">\n<h2>Club A2G<\/h2>\n<p>Avec le club de <em>judo<\/em> et <em>Jiu-jitsu Br\u00e9silien<\/em>: <strong>A2G<\/strong> de Guilh\u00e9rand Granges de R\u00e9my MARCON et Corentin MAHEY<\/p>\n<p><a href=\"http:\/\/www.a-2-g.fr\/\" target=\"_blank\">http:\/\/www.a-2-g.fr\/<\/a><br \/>\n        <a href=\"https:\/\/www.facebook.com\/academie2g\/\" target=\"_blank\">https:\/\/www.facebook.com\/academie2g\/<\/a><\/p>\n<\/p><\/div>\n<\/div>\n<div class=\"article-item\">\n<div class=\"article-image\">\n        <img decoding=\"async\" src=\"https:\/\/chiro-valence.local\/wp-content\/uploads\/2025\/12\/logo-judo-chabeuil.png\" alt=\"Judo Chabeuil\">\n    <\/div>\n<div class=\"article-content\">\n<h2>Judo Club Chabeuil<\/h2>\n<p>Avec le judo club de Chabeuil<\/p>\n<p><a href=\"https:\/\/dojo-chabeuil.fr\/\" target=\"_blank\">https:\/\/dojo-chabeuil.fr\/<\/a><br \/>\n        <a href=\"https:\/\/www.facebook.com\/JudoClubChabeuil\/\" target=\"_blank\">https:\/\/www.facebook.com\/JudoClubChabeuil\/<\/a><\/p>\n<\/p><\/div>\n<\/div>\n<div class=\"article-item\">\n<div class=\"article-image\">\n        <img decoding=\"async\" src=\"https:\/\/chiro-valence.local\/wp-content\/uploads\/2025\/12\/groupe-elite.jpg\" alt=\"Groupe Elite\">\n    <\/div>\n<div class=\"article-content\">\n<h2>Groupe Elite<\/h2>\n<p>\u00c0 la rentr\u00e9e scolaire 2019, des coll\u00e9giens se verront am\u00e9nager leurs cours, pour pratiquer \u00e0 haut niveau le judo \u00e0 l&rsquo;Acad\u00e9mie de Judo de Guilh\u00e9rand Granges: nomm\u00e9 \u00ab\u00a0Groupe Elite\u00a0\u00bb<\/p>\n<p>Entour\u00e9 d&rsquo;une \u00e9quipe pour le sport, mais \u00e9galement les cours scolaires et d&rsquo;un cadre sant\u00e9, pour leur faire acc\u00e9der au haut niveau<\/p>\n<ul>\n<li>R\u00e9my Marcon et Corentin Mahey: Judo<\/li>\n<li>Julien Fumas et Cyrielle Toutaud: Chiropracteur<\/li>\n<li>Paulain: pr\u00e9parateur physique<\/li>\n<li>Ryahd: soutien scolaire<\/li>\n<\/ul><\/div>\n<\/div>\n<\/div>\n","protected":false},"excerpt":{"rendered":"<p>Articles Tournois par \u00e9quipe \u00e0 l&rsquo;A2G: 18 Mai 2019 Le cabinet de chiropraxie Valence les Couleures et St P\u00e9ray \u00e9taient pr\u00e9sent pour soigner les athl\u00e8tes, en tant que partenaire de&#8230;<\/p>\n","protected":false},"author":2,"featured_media":0,"parent":0,"menu_order":3,"comment_status":"closed","ping_status":"closed","template":"","meta":{"footnotes":""},"class_list":["post-11","page","type-page","status-publish","hentry"],"_links":{"self":[{"href":"https:\/\/www.valence-chiro.fr\/index.php?rest_route=\/wp\/v2\/pages\/11","targetHints":{"allow":["GET"]}}],"collection":[{"href":"https:\/\/www.valence-chiro.fr\/index.php?rest_route=\/wp\/v2\/pages"}],"about":[{"href":"https:\/\/www.valence-chiro.fr\/index.php?rest_route=\/wp\/v2\/types\/page"}],"author":[{"embeddable":true,"href":"https:\/\/www.valence-chiro.fr\/index.php?rest_route=\/wp\/v2\/users\/2"}],"replies":[{"embeddable":true,"href":"https:\/\/www.valence-chiro.fr\/index.php?rest_route=%2Fwp%2Fv2%2Fcomments&post=11"}],"version-history":[{"count":4,"href":"https:\/\/www.valence-chiro.fr\/index.php?rest_route=\/wp\/v2\/pages\/11\/revisions"}],"predecessor-version":[{"id":86,"href":"https:\/\/www.valence-chiro.fr\/index.php?rest_route=\/wp\/v2\/pages\/11\/revisions\/86"}],"wp:attachment":[{"href":"https:\/\/www.valence-chiro.fr\/index.php?rest_route=%2Fwp%2Fv2%2Fmedia&parent=11"}],"curies":[{"name":"wp","href":"https:\/\/api.w.org\/{rel}","templated":true}]}}