{"id":10,"date":"2025-12-31T11:43:45","date_gmt":"2025-12-31T10:43:45","guid":{"rendered":"https:\/\/chiro-valence.local\/?page_id=10"},"modified":"2025-12-31T17:36:55","modified_gmt":"2025-12-31T16:36:55","slug":"formations","status":"publish","type":"page","link":"https:\/\/www.valence-chiro.fr\/?page_id=10","title":{"rendered":"La formation &#8211; Valence les couleures &#8211; Chiropratique &#8211; Julien Fumas"},"content":{"rendered":"<div class=\"formation-container\">\n<h1 style=\"text-align: center;margin-bottom: 40px\">La formation<\/h1>\n<p>J&rsquo;ai effectu\u00e9 6 ann\u00e9es \u00e0 temps complet, la formation est standardis\u00e9e \u00e0 l&rsquo;internationale.<\/p>\n<ul>\n<li>Plus de 5000 heures d&rsquo;enseignements <strong>th\u00e9orique et pratique<\/strong><\/li>\n<li>2195 de dissection humaine, \u00e0 la facult\u00e9 de m\u00e9decine des saints p\u00e8res Paris 5<\/li>\n<li>7 semestres de stage hospitalier<\/li>\n<li><strong>Externat<\/strong> 2 ans avec 400 visites r\u00e9alis\u00e9es par des professionnels<\/li>\n<\/ul>\n<p>Un certificat d&rsquo;\u00e9quivalence, du titre de <strong>Doctor of Chiropratic<\/strong>, est d\u00e9livr\u00e9 par l&rsquo;European Academy of Chiropractic (EAC).<\/p>\n<p><img decoding=\"async\" src=\"https:\/\/image.jimcdn.com\/app\/cms\/image\/transf\/dimension=250x250:format=jpg\/path\/s663d492efd084c3f\/image\/ifec-logo.jpg\" alt=\"IFEC\" style=\"margin: 40px auto;max-width: 200px\"><\/p>\n<h2 style=\"text-align: center;margin: 60px 0 40px;color: #2c5aa0\">Techniques et S\u00e9minaires<\/h2>\n<div class=\"formation-section\">\n<div class=\"formation-logo\">\n        <img decoding=\"async\" src=\"https:\/\/image.jimcdn.com\/app\/cms\/image\/transf\/dimension=200x200:format=png\/path\/s663d492efd084c3f\/image\/kinesio-logo.png\" alt=\"Kinesio Taping\">\n    <\/div>\n<div class=\"formation-content\">\n<h3>kinesio taping<\/h3>\n<p>Formation tient par kinesio France, agr\u00e9\u00e9 par kinesio taping international.<\/p>\n<p>Titulaire du dipl\u00f4me KT1 KT2 et KT3 expert, puis de la certification CKTP<\/p>\n<p><strong>Assistant de cours<\/strong> lors des formations de kinesio taping<\/p>\n<\/p><\/div>\n<\/div>\n<div class=\"formation-section\">\n<div class=\"formation-logo\">\n        <img decoding=\"async\" src=\"https:\/\/image.jimcdn.com\/app\/cms\/image\/transf\/dimension=200x200:format=png\/path\/s663d492efd084c3f\/image\/fics-logo.png\" alt=\"FICS\">\n    <\/div>\n<div class=\"formation-content\">\n<h3>F\u00e9d\u00e9ration Internationale de Chiropratique du Sport<\/h3>\n<p><strong>Dipl\u00f4m\u00e9 ICCSP<\/strong> (International Chiropractic Sport Practitioner)<\/p>\n<\/p><\/div>\n<\/div>\n<div class=\"formation-section\">\n<div class=\"formation-logo\">\n        <img decoding=\"async\" src=\"https:\/\/image.jimcdn.com\/app\/cms\/image\/transf\/dimension=200x200:format=png\/path\/s663d492efd084c3f\/image\/paris-sud-logo.png\" alt=\"Paris Sud\">\n    <\/div>\n<div class=\"formation-content\">\n<h3>Dipl\u00f4me Universitaire<\/h3>\n<p>Prise en charge pr\u00e9ventive du sportif<\/p>\n<p>Dispens\u00e9 par Paris Sud, STAPS Orsay<\/p>\n<\/p><\/div>\n<\/div>\n<div class=\"formation-section\">\n<div class=\"formation-logo\">\n        <img decoding=\"async\" src=\"https:\/\/image.jimcdn.com\/app\/cms\/image\/transf\/dimension=200x200:format=png\/path\/s663d492efd084c3f\/image\/kinesio-logo2.png\" alt=\"Kin\u00e9siologie\">\n    <\/div>\n<div class=\"formation-content\">\n<h3>Kin\u00e9siologie Appliqu\u00e9e<\/h3>\n<ul>\n<li>Certifi\u00e9 100h, aupr\u00e8s de David Leaf, DC<\/li>\n<li>Advance: Charles H\u00e9bard, Anne Eug\u00e9nie Simard, David Leaf et Walther Schmidt<\/li>\n<\/ul><\/div>\n<\/div>\n<div class=\"formation-section\">\n<div class=\"formation-logo\">\n        <img decoding=\"async\" src=\"https:\/\/image.jimcdn.com\/app\/cms\/image\/transf\/dimension=200x200:format=png\/path\/s663d492efd084c3f\/image\/isotonix-logo.png\" alt=\"Isotonix\">\n    <\/div>\n<div class=\"formation-content\">\n<h3>Sacro Occipital Technique SOT<\/h3>\n<ul>\n<li>Module 1 et 2: basic SOT<\/li>\n<li>Module 3: extr\u00e9mit\u00e9s<\/li>\n<li>Module 12: P\u00e9diatrique<\/li>\n<\/ul><\/div>\n<\/div>\n<div class=\"formation-section\">\n<div class=\"formation-logo\">\n        <img decoding=\"async\" src=\"https:\/\/image.jimcdn.com\/app\/cms\/image\/transf\/dimension=200x200:format=png\/path\/s663d492efd084c3f\/image\/activator-logo.png\" alt=\"Activator\">\n    <\/div>\n<div class=\"formation-content\">\n<h3>Activator Method<\/h3>\n<p>Module 1<\/p>\n<\/p><\/div>\n<\/div>\n<div class=\"formation-section\">\n<div class=\"formation-logo\">\n        <img decoding=\"async\" src=\"https:\/\/image.jimcdn.com\/app\/cms\/image\/transf\/dimension=200x200:format=png\/path\/s663d492efd084c3f\/image\/cox-logo.png\" alt=\"Cox\">\n    <\/div>\n<div class=\"formation-content\">\n<h3>Flexion Distraction Cox, Thompson et Hi-Lo<\/h3>\n<p>Table avec technique cox, drop thompson et toggle HIO<\/p>\n<\/p><\/div>\n<\/div>\n<div class=\"formation-section\">\n<div class=\"formation-logo\">\n        <img decoding=\"async\" src=\"https:\/\/image.jimcdn.com\/app\/cms\/image\/transf\/dimension=200x200:format=png\/path\/s663d492efd084c3f\/image\/biohealth-logo.png\" alt=\"BioHealth\">\n    <\/div>\n<div class=\"formation-content\">\n<h3>Th\u00e9rapie BioHealth instrumentale<\/h3>\n<\/p><\/div>\n<\/div>\n<div class=\"formation-section\">\n<div class=\"formation-logo\">\n        <img decoding=\"async\" src=\"https:\/\/image.jimcdn.com\/app\/cms\/image\/transf\/dimension=200x200:format=png\/path\/s663d492efd084c3f\/image\/divers-logo.png\" alt=\"Divers\">\n    <\/div>\n<div class=\"formation-content\">\n<h3>Divers<\/h3>\n<ul>\n<li>Aromath\u00e9rapie<\/li>\n<li>Micro-nutrition avec M\u00e9n\u00e9gance<\/li>\n<li>Mutagens<\/li>\n<li>Lombalgie<\/li>\n<\/ul><\/div>\n<\/div>\n<\/div>\n","protected":false},"excerpt":{"rendered":"<p>La formation J&rsquo;ai effectu\u00e9 6 ann\u00e9es \u00e0 temps complet, la formation est standardis\u00e9e \u00e0 l&rsquo;internationale. Plus de 5000 heures d&rsquo;enseignements th\u00e9orique et pratique 2195 de dissection humaine, \u00e0 la facult\u00e9&#8230;<\/p>\n","protected":false},"author":2,"featured_media":0,"parent":0,"menu_order":2,"comment_status":"closed","ping_status":"closed","template":"","meta":{"footnotes":""},"class_list":["post-10","page","type-page","status-publish","hentry"],"_links":{"self":[{"href":"https:\/\/www.valence-chiro.fr\/index.php?rest_route=\/wp\/v2\/pages\/10","targetHints":{"allow":["GET"]}}],"collection":[{"href":"https:\/\/www.valence-chiro.fr\/index.php?rest_route=\/wp\/v2\/pages"}],"about":[{"href":"https:\/\/www.valence-chiro.fr\/index.php?rest_route=\/wp\/v2\/types\/page"}],"author":[{"embeddable":true,"href":"https:\/\/www.valence-chiro.fr\/index.php?rest_route=\/wp\/v2\/users\/2"}],"replies":[{"embeddable":true,"href":"https:\/\/www.valence-chiro.fr\/index.php?rest_route=%2Fwp%2Fv2%2Fcomments&post=10"}],"version-history":[{"count":2,"href":"https:\/\/www.valence-chiro.fr\/index.php?rest_route=\/wp\/v2\/pages\/10\/revisions"}],"predecessor-version":[{"id":41,"href":"https:\/\/www.valence-chiro.fr\/index.php?rest_route=\/wp\/v2\/pages\/10\/revisions\/41"}],"wp:attachment":[{"href":"https:\/\/www.valence-chiro.fr\/index.php?rest_route=%2Fwp%2Fv2%2Fmedia&parent=10"}],"curies":[{"name":"wp","href":"https:\/\/api.w.org\/{rel}","templated":true}]}}